{"id":21007,"date":"2021-01-26T12:57:49","date_gmt":"2021-01-26T11:57:49","guid":{"rendered":"https:\/\/stage.pitpop.it\/prodotto\/tazzina-da-caffe-lustrascarpe\/"},"modified":"2024-01-24T17:11:41","modified_gmt":"2024-01-24T16:11:41","slug":"tazzina-da-caffe-lustrascarpe","status":"publish","type":"product","link":"https:\/\/www.pitpop.it\/en\/tazzine-caffe-pop-art\/tazzina-da-caffe-lustrascarpe\/","title":{"rendered":"Tazzina Da caff\u00e8 Lustrascarpe"},"content":{"rendered":"<h3>Technical Specifications<\/h3>\n<p>\u2022 Materiale: maiolica<br \/>\n\u2022 Stampa: riproduzione digitale<br \/>\n\u2022 Uso: alimentare, pu\u00f2 andare in forno a microonde<br \/>\n\u2022 Pulizia: lavabile in lavastoviglie<\/p>\n<h3>Description<\/h3>\n<p>Il caff\u00e8 \u00e8 la punta di diamante di ogni pausa, lavorativa e non, e agisce come antistress o come caricatore di energia.<\/p>\n<p>Lo sapevi che se bevuto in stile Pop, nelle tazzine di PIT-POP, l&#8217;azione antistress e rigenerante aumenta del 100%? \ud83d\ude09<\/p>\n<h3>Perch\u00e9 scegliere le nostre tazzine da caff\u00e8?<\/h3>\n<p>Perch\u00e9 scegliendo la Pop Art di PIT-POP potrai portare brio, buonumore e colore a colazione, durante la pausa caff\u00e8 a met\u00e0 mattinata o dopo pranzo in famiglia o con gli amici!<\/p>\n<p>Our majolica coffee cups are crafted in Italy, a country renowned worldwide for its traditional production of artistic ceramics. The process of creating, glazing, and decorating the cups, including any minor imperfections, is entirely artisanal, combining the craftsmanship of skilled artisans with modern digital technologies.<\/p>\n<p>Specifically, the design is applied using digital decal techniques.<br \/>\nThey are food-safe and always made with raw materials, lead-free glazes, and colors, in full compliance with European Directives.<\/p>\n<p>Each coffee cup comes with a certificate of authenticity, including a technical description and the artist's handwritten signature.<\/p>\n<p>It is a 100% Made in Italy product.<\/p>\n<p>N.B. \u00c8 importante sapere che, proprio per la loro composizione chimica e per la presenza di sostanze vetrificanti, i colori cambiano sensibilmente durante la cottura, essi risulteranno quindi un po\u2019 diversi rispetto a come si vedono a video.<\/p>","protected":false},"excerpt":{"rendered":"<p>Tazzina da caff\u00e8 con piattino che raffigura il lustrascarpe della collezione Black&#8217;n&#8217;White. Maiolica da collezione pensata sia come pezzo singolo che in set da 2, da 4 o da 6.<\/p>","protected":false},"featured_media":21002,"comment_status":"open","ping_status":"closed","template":"","meta":[],"product_brand":[],"product_cat":[34],"product_tag":[],"class_list":{"0":"post-21007","1":"product","2":"type-product","3":"status-publish","4":"has-post-thumbnail","6":"product_cat-tazzine-caffe-pop-art","8":"first","9":"instock","10":"taxable","11":"shipping-taxable","12":"purchasable","13":"product-type-simple"},"_links":{"self":[{"href":"https:\/\/www.pitpop.it\/en\/wp-json\/wp\/v2\/product\/21007","targetHints":{"allow":["GET"]}}],"collection":[{"href":"https:\/\/www.pitpop.it\/en\/wp-json\/wp\/v2\/product"}],"about":[{"href":"https:\/\/www.pitpop.it\/en\/wp-json\/wp\/v2\/types\/product"}],"replies":[{"embeddable":true,"href":"https:\/\/www.pitpop.it\/en\/wp-json\/wp\/v2\/comments?post=21007"}],"version-history":[{"count":0,"href":"https:\/\/www.pitpop.it\/en\/wp-json\/wp\/v2\/product\/21007\/revisions"}],"wp:featuredmedia":[{"embeddable":true,"href":"https:\/\/www.pitpop.it\/en\/wp-json\/wp\/v2\/media\/21002"}],"wp:attachment":[{"href":"https:\/\/www.pitpop.it\/en\/wp-json\/wp\/v2\/media?parent=21007"}],"wp:term":[{"taxonomy":"product_brand","embeddable":true,"href":"https:\/\/www.pitpop.it\/en\/wp-json\/wp\/v2\/product_brand?post=21007"},{"taxonomy":"product_cat","embeddable":true,"href":"https:\/\/www.pitpop.it\/en\/wp-json\/wp\/v2\/product_cat?post=21007"},{"taxonomy":"product_tag","embeddable":true,"href":"https:\/\/www.pitpop.it\/en\/wp-json\/wp\/v2\/product_tag?post=21007"}],"curies":[{"name":"wp","href":"https:\/\/api.w.org\/{rel}","templated":true}]}}