{"id":21090,"date":"2021-01-27T10:21:34","date_gmt":"2021-01-27T09:21:34","guid":{"rendered":"https:\/\/stage.pitpop.it\/prodotto\/piatto-pizza-ketchup-su-patatine\/"},"modified":"2024-01-24T17:15:27","modified_gmt":"2024-01-24T16:15:27","slug":"piatto-pizza-ketchup-su-patatine","status":"publish","type":"product","link":"https:\/\/www.pitpop.it\/en\/piatti-pizza-pop-art\/piatto-pizza-ketchup-su-patatine\/","title":{"rendered":"Piatto Pizza Ketchup Su Patatine"},"content":{"rendered":"<h3>Technical Specifications<\/h3>\n<p>\u2022 Materiale: ceramica<br \/>\n\u2022 Dimensioni: \u00d8 32<br \/>\n\u2022 Stampa: riproduzione digitale<br \/>\n\u2022 Uso: decorativo e alimentare, pu\u00f2 andare in forno a microonde<br \/>\n\u2022 Pulizia: lavabile in lavastoviglie<\/p>\n<h3>Description<\/h3>\n<p>Sai, ogni volta che mia suocera fa la pizza e ci invita tutti a casa sua, la scena a tavola \u00e8 sempre la stessa: una dozzina di piatti tutti diversi l\u2019uno dall\u2019altro, ma non per un suo vezzo creativo, bens\u00ec perch\u00e9 un paio glieli hanno regalati, uno lo ha preso con i punti della pizza surgelata, un altro \u00e8 di un colore di ceramica diverso dagli altri, uno ha diametro 30, un altro 32, un altro ancora 35, e per finire ce n\u2019\u00e8 uno che \u00e8 lesionato ma \u00e8 sempre presente. Insomma non ce n\u2019\u00e8 uno uguale all\u2019altro! :-D\u202c<\/p>\n<p>Beh, noi non sappiamo se anche tu hai piatti pizza spaiati, ma certamente non hai ancora i nostri cos\u00ec Pop, \u202ccolorati e magari personalizzati\u2026 \u202a\u202c\u202c\u202c\u202c\u202c\u202c\u202c\u202c\u202c\u202c\u202c\u202c\u202c\u202c\u202c\u202c\u202c\u202c\u202c\u202c\u202c\u202c\u202c\u202c\u202c\u202c\u202c\u202c\u202c\u202c\u202c\u202c\u202c\u202c\u202c\u202c\u202c\u202c\u202c\u202c\u202c\u202c\u202c\u202c<\/p>\n<h3>Perch\u00e9 scegliere i nostri piatti pizza?<\/h3>\n<p>Perch\u00e9 i nostri non sono dei piatti ordinari come quelli che puoi trovare in commercio ma dei piatti d&#8217;autore. Non sono semplici oggetti ma sono pensati per chi ama collezionare pezzi unici e non per chi sta cercando un prezzo migliore.<br \/>\nSolo cos\u00ec potrai mettere a tavola la tua originalit\u00e0, la tua unicit\u00e0 e il tuo essere sempre sul pezzo nei giorni speciali, quelli da ricordare.<\/p>\n<p>Insomma vuoi stupire davvero amici e parenti quando organizzi una cena? Vuoi servire la tua buonissima pizza in piatti irresistibilmente Pop? Quale occasione migliore per scegliere i piatti pizza PIT-POP! Vedrai, la tua originalit\u00e0 non passer\u00e0 inosservata.<\/p>\n<p>Each plate is accompanied by a certificate of authenticity, including a technical description and the artist's handwritten signature.<\/p>\n<p>It is a 100% Made in Italy product.<\/p>\n<p>N.B. \u00c8 importante sapere che, proprio per la loro composizione chimica e per la presenza di sostanze vetrificanti, i colori cambiano sensibilmente durante la cottura, essi risulteranno quindi un po\u2019 diversi rispetto a come si vedono a video.<\/p>","protected":false},"excerpt":{"rendered":"<p>Piatto pizza che raffigura il ketchup versato sulle patatine della collezione Everyday Life. Insieme agli altri a tema food, far\u00e0 la differenza durante le tue serate a base di pizza.<\/p>","protected":false},"featured_media":21040,"comment_status":"open","ping_status":"closed","template":"","meta":[],"product_brand":[],"product_cat":[42],"product_tag":[],"class_list":{"0":"post-21090","1":"product","2":"type-product","3":"status-publish","4":"has-post-thumbnail","6":"product_cat-piatti-pizza-pop-art","8":"first","9":"instock","10":"taxable","11":"shipping-taxable","12":"purchasable","13":"product-type-simple"},"_links":{"self":[{"href":"https:\/\/www.pitpop.it\/en\/wp-json\/wp\/v2\/product\/21090","targetHints":{"allow":["GET"]}}],"collection":[{"href":"https:\/\/www.pitpop.it\/en\/wp-json\/wp\/v2\/product"}],"about":[{"href":"https:\/\/www.pitpop.it\/en\/wp-json\/wp\/v2\/types\/product"}],"replies":[{"embeddable":true,"href":"https:\/\/www.pitpop.it\/en\/wp-json\/wp\/v2\/comments?post=21090"}],"version-history":[{"count":0,"href":"https:\/\/www.pitpop.it\/en\/wp-json\/wp\/v2\/product\/21090\/revisions"}],"wp:featuredmedia":[{"embeddable":true,"href":"https:\/\/www.pitpop.it\/en\/wp-json\/wp\/v2\/media\/21040"}],"wp:attachment":[{"href":"https:\/\/www.pitpop.it\/en\/wp-json\/wp\/v2\/media?parent=21090"}],"wp:term":[{"taxonomy":"product_brand","embeddable":true,"href":"https:\/\/www.pitpop.it\/en\/wp-json\/wp\/v2\/product_brand?post=21090"},{"taxonomy":"product_cat","embeddable":true,"href":"https:\/\/www.pitpop.it\/en\/wp-json\/wp\/v2\/product_cat?post=21090"},{"taxonomy":"product_tag","embeddable":true,"href":"https:\/\/www.pitpop.it\/en\/wp-json\/wp\/v2\/product_tag?post=21090"}],"curies":[{"name":"wp","href":"https:\/\/api.w.org\/{rel}","templated":true}]}}