{"id":21145,"date":"2021-01-27T11:33:54","date_gmt":"2021-01-27T10:33:54","guid":{"rendered":"https:\/\/stage.pitpop.it\/prodotto\/tracolla-madame-che-fuma\/"},"modified":"2022-01-17T12:05:39","modified_gmt":"2022-01-17T11:05:39","slug":"tracolla-madame-che-fuma","status":"publish","type":"product","link":"https:\/\/www.pitpop.it\/en\/borse-tracolla-pop-art\/tracolla-madame-che-fuma\/","title":{"rendered":"Tracolla Madame Che Fuma"},"content":{"rendered":"<h3>Technical Specifications<\/h3>\n<p>\u2022 Material: 100% smooth or textured Nappa leather<br \/>\n\u2022 Inner Material: Fire-resistant suede<br \/>\n\u2022 Dimensioni: cm 24,5 x 18,5<br \/>\n\u2022 Catena rimovibile in nichel da 1 metro con finitura oro o argento<br \/>\n\u2022 Zip oro o argento su fettuccia nera con tiretto tondo<br \/>\n\u2022 Print: Digital reproduction on both sides<br \/>\n\u2022 Care: Gently clean with a damp cloth<\/p>\n<h3>Description<\/h3>\n<p>La borsa a tracolla \u00e8 molto pratica e comoda, perci\u00f2 \u00e8 essenziale averla se vuoi sempre sottomano e in un unico scomparto gli oggetti che usi pi\u00f9 spesso come chiavi, telefono e portafogli.<\/p>\n<p>La nostra borsa a tracolla \u00e8 realizzata artigianalmente, in vera pelle, 100% Nappa liscia o testurizzata, personalizzata su entrambi i lati e foderata all\u2019interno con pelle scamosciata ignifuga.<\/p>\n<h3>Perch\u00e9 scegliere la nostra Tracolla?<\/h3>\n<p>Perch\u00e9 la tracolla di PIT-POP \u00e8 la borsa in stile Pop pensata per la donna giovane e pratica, ma che al tempo stesso non rinuncia all\u2019originalit\u00e0 e all\u2019accessorio esclusivo da indossare in qualunque occasione.<\/p>\n<p>Sfiziosa e particolare, \u00e8 perfetta per la teen-ager che non vuole passare inosservata agli occhi dei suoi amici!<\/p>\n<p>Additionally, it\u2019s soft and silky to the touch, made from \u2018first grain\u2019 calf leather, the most premium type, delivering a unique piece whose high quality perfectly complements the artistic creation.<\/p>\n<p>Each fashion item comes with a certificate of authenticity, including a technical description and the artist's handwritten signature.<\/p>\n<p>It is a 100% Made in Italy product.<\/p>","protected":false},"excerpt":{"rendered":"<p>Borsa a tracolla che raffigura la madame che fuma della collezione Black&#8217;n&#8217;White. Minimale nel suo bianco e nero e nella forma, questa borsa \u00e8 pensata per la donna giovane e pratica ma \u00e8 perfetta anche per le teen-agers. Un accessorio cult per regalare un pizzico di allegria alle tue giornate in tutte le occasioni e stagioni! <\/p>","protected":false},"featured_media":21144,"comment_status":"open","ping_status":"closed","template":"","meta":[],"product_brand":[],"product_cat":[37],"product_tag":[],"class_list":{"0":"post-21145","1":"product","2":"type-product","3":"status-publish","4":"has-post-thumbnail","6":"product_cat-borse-tracolla-pop-art","8":"first","9":"instock","10":"taxable","11":"shipping-taxable","12":"purchasable","13":"product-type-simple"},"_links":{"self":[{"href":"https:\/\/www.pitpop.it\/en\/wp-json\/wp\/v2\/product\/21145","targetHints":{"allow":["GET"]}}],"collection":[{"href":"https:\/\/www.pitpop.it\/en\/wp-json\/wp\/v2\/product"}],"about":[{"href":"https:\/\/www.pitpop.it\/en\/wp-json\/wp\/v2\/types\/product"}],"replies":[{"embeddable":true,"href":"https:\/\/www.pitpop.it\/en\/wp-json\/wp\/v2\/comments?post=21145"}],"version-history":[{"count":0,"href":"https:\/\/www.pitpop.it\/en\/wp-json\/wp\/v2\/product\/21145\/revisions"}],"wp:featuredmedia":[{"embeddable":true,"href":"https:\/\/www.pitpop.it\/en\/wp-json\/wp\/v2\/media\/21144"}],"wp:attachment":[{"href":"https:\/\/www.pitpop.it\/en\/wp-json\/wp\/v2\/media?parent=21145"}],"wp:term":[{"taxonomy":"product_brand","embeddable":true,"href":"https:\/\/www.pitpop.it\/en\/wp-json\/wp\/v2\/product_brand?post=21145"},{"taxonomy":"product_cat","embeddable":true,"href":"https:\/\/www.pitpop.it\/en\/wp-json\/wp\/v2\/product_cat?post=21145"},{"taxonomy":"product_tag","embeddable":true,"href":"https:\/\/www.pitpop.it\/en\/wp-json\/wp\/v2\/product_tag?post=21145"}],"curies":[{"name":"wp","href":"https:\/\/api.w.org\/{rel}","templated":true}]}}