{"id":21211,"date":"2021-01-27T12:43:46","date_gmt":"2021-01-27T11:43:46","guid":{"rendered":"https:\/\/stage.pitpop.it\/prodotto\/trolley-intersezioni-di-baveri\/"},"modified":"2022-01-17T12:05:40","modified_gmt":"2022-01-17T11:05:40","slug":"trolley-intersezioni-di-baveri","status":"publish","type":"product","link":"https:\/\/www.pitpop.it\/en\/valigia-trolley\/trolley-intersezioni-di-baveri\/","title":{"rendered":"Trolley Intersezioni Di Baveri"},"content":{"rendered":"<h3>Technical Specifications<\/h3>\n<p>\u2022 Valigia rigida leggera 32L con due zip, perfetta per bagaglio a mano<br \/>\n\u2022 Dimensioni: cm 56 x 23 x 36 &#8211; 32L<br \/>\n\u2022 4 ruote girevoli a 360\u00ba<br \/>\n\u2022 Impugnatura telescopica morbida e regolabile<br \/>\n\u2022 Sistema di chiusura approvato TSA con istruzioni<br \/>\n\u2022 Due tasche interne a rete e cinghie per mantenere ordine<br \/>\n\u2022 Stampa: riproduzione digitale su tela sotto un pannello in metacrilato<\/p>\n<h3>Description<\/h3>\n<p>Comodo e capiente, pur essendo un bagaglio a mano, \u00e8 perfetto se giri il mondo da solo\/a o in coppia, per brevi spostamenti di lavoro o week-end di vacanza.<\/p>\n<p>La nostra valigia trolley possiede due tasche a rete interne, apertura con zip doppio cursore e cinturini interni per mantenere i tuoi capi ed oggetti in ordine.<\/p>\n<p>Inoltre l&#8217;impugnatura morbida e regolabile, insieme alle 4 ruote girevoli a 360\u00b0, la rendono facile da usare e manovrare, per un viaggio senza sforzi.<\/p>\n<p>\u00c8 anche assolutamente sicura grazie alla tecnologia di blocco approvata TSA.<\/p>\n<h3>Perch\u00e9 scegliere il nostro Trolley?<\/h3>\n<p>Perch\u00e9 con il trolley di PIT-POP potrai distinguerti ovunque andrai. Non avrai pi\u00f9 problemi a riconoscerlo sul nastro bagagli e se non lo troverai in aeroporto sar\u00e0 perch\u00e9 era cos\u00ec irresistibile che te l&#8217;hanno rubato! <\/p>\n<p>\u00c8 il regalo ideale anche per i giovani studenti fuori sede.<\/p>\n<p>Each fashion item comes with a certificate of authenticity, including a technical description and the artist's handwritten signature.<\/p>","protected":false},"excerpt":{"rendered":"<p>Valigia trolley che raffigura l&#8217;intersezione di baveri della collezione Intersezioni e Composizioni. Un bagaglio a mano che con il suo aspetto Pop ed accattivante non passa inosservato. Capiente e perfetto se giri il mondo da solo o in coppia.<\/p>","protected":false},"featured_media":21210,"comment_status":"open","ping_status":"closed","template":"","meta":[],"product_brand":[],"product_cat":[43],"product_tag":[],"class_list":{"0":"post-21211","1":"product","2":"type-product","3":"status-publish","4":"has-post-thumbnail","6":"product_cat-valigia-trolley","8":"first","9":"instock","10":"taxable","11":"shipping-taxable","12":"purchasable","13":"product-type-simple"},"_links":{"self":[{"href":"https:\/\/www.pitpop.it\/en\/wp-json\/wp\/v2\/product\/21211","targetHints":{"allow":["GET"]}}],"collection":[{"href":"https:\/\/www.pitpop.it\/en\/wp-json\/wp\/v2\/product"}],"about":[{"href":"https:\/\/www.pitpop.it\/en\/wp-json\/wp\/v2\/types\/product"}],"replies":[{"embeddable":true,"href":"https:\/\/www.pitpop.it\/en\/wp-json\/wp\/v2\/comments?post=21211"}],"version-history":[{"count":0,"href":"https:\/\/www.pitpop.it\/en\/wp-json\/wp\/v2\/product\/21211\/revisions"}],"wp:featuredmedia":[{"embeddable":true,"href":"https:\/\/www.pitpop.it\/en\/wp-json\/wp\/v2\/media\/21210"}],"wp:attachment":[{"href":"https:\/\/www.pitpop.it\/en\/wp-json\/wp\/v2\/media?parent=21211"}],"wp:term":[{"taxonomy":"product_brand","embeddable":true,"href":"https:\/\/www.pitpop.it\/en\/wp-json\/wp\/v2\/product_brand?post=21211"},{"taxonomy":"product_cat","embeddable":true,"href":"https:\/\/www.pitpop.it\/en\/wp-json\/wp\/v2\/product_cat?post=21211"},{"taxonomy":"product_tag","embeddable":true,"href":"https:\/\/www.pitpop.it\/en\/wp-json\/wp\/v2\/product_tag?post=21211"}],"curies":[{"name":"wp","href":"https:\/\/api.w.org\/{rel}","templated":true}]}}