{"id":21803,"date":"2021-01-29T09:45:46","date_gmt":"2021-01-29T08:45:46","guid":{"rendered":"https:\/\/stage.pitpop.it\/prodotto\/import-placeholder-for-cuel6\/"},"modified":"2025-01-13T14:52:10","modified_gmt":"2025-01-13T13:52:10","slug":"cuscino-darredo-mani-su-dischi","status":"publish","type":"product","link":"https:\/\/www.pitpop.it\/en\/cuscini-pop-art\/cuscino-darredo-mani-su-dischi\/","title":{"rendered":"Cuscino D&#8217;Arredo Mani Su Dischi"},"content":{"rendered":"<h3>Technical Specifications<\/h3>\n<p>\u2022 Materiale: puro cotone Mayfair spinato ignifugo<br \/>\n\u2022 Imbottitura: piuma d&#8217;oca<br \/>\n\u2022 Federa: sfoderabile<br \/>\n\u2022 Dimensioni: 40&#215;40 &#8211; 50&#215;50 &#8211; 55&#215;40<br \/>\n\u2022 Stampa: entrambi i lati<\/p>\n<h3>Description<\/h3>\n<p>Morbidi e pregiati, i nostri cuscini decorativi Pop sono perfetti per aggiungere colore, allegria e personalit\u00e0 all&#8217;arredo di qualsiasi salotto o area relax!<\/p>\n<p>Sono stampati su entrambi i lati e realizzati in puro cotone Mayfair spinato, per essere piacevoli alla vista e al tatto e possono trasformare in un attimo un divano o un letto all&#8217;interno di un ambiente sia moderno che classico.<\/p>\n<p>Abbiamo scelto insieme ai nostri fornitori il tessuto Mayfair spinato in puro cotone perch\u00e9 \u00e8 un materiale opaco, molto resistente e non elastico, ottimo per rivestimenti di accessori d\u2019arredo come cuscini e poltrone. Sono inoltre, comodi e soffici grazie alla pregiata imbottitura in piuma d&#8217;oca.<\/p>\n<h4>Istruzioni per il lavaggio<\/h4>\n<p>La fodera del cuscino decorativo \u00e8 lavabile in lavatrice senza particolari accorgimenti ad una temperatura massima di 30\u00b0C. Pu\u00f2 essere asciugata in asciugatrice e stirata a bassa temperatura.<\/p>\n<h3>Perch\u00e9 scegliere i nostri cuscini decorativi?<\/h3>\n<h4>For Your Home<\/h4>\n<p>Perch\u00e9 potrai dare un tocco di freschezza ed unicit\u00e0 al tuo salotto, camera da letto ed altre stanze disponendoli su divani, poltrone, panche o sul tappeto. Non solo, i nostri cuscini Pop sono perfetti per qualsiasi tipo di arredo, dall\u2019ambiente moderno e dalle linee semplici, a quello classico o rustico di una casa di campagna.<\/p>\n<h4>For Your Office or Store<\/h4>\n<p>Perch\u00e9 potrai dare ulteriore prestigio alla tua sala d&#8217;attesa o sala eventi aziendale, dove clienti e rappresentanti saranno attirati dai colori e dall\u2019allegria dei tuoi cuscini. Ci\u00f2 contribuir\u00e0 a creare un&#8217;immagine autorevole di te e della tua personalit\u00e0. Se possiedi un hotel o un ristorante puoi star certo che daranno il massimo confort ai tuoi clienti in attesa o in relax.<\/p>\n<p>Each cushion comes with a certificate of authenticity, including a technical description and the artist's handwritten signature.<\/p>\n<p>It is a 100% Made in Italy product.<\/p>","protected":false},"excerpt":{"rendered":"<p>Cuscino decorativo che raffigura le mani di un dj sul piatto dischi della collezione Everyday Life. Un complemento d&#8217;autore per valorizzare un divano o una poltrona o da adagiare a terra su di un tappeto.<\/p>","protected":false},"featured_media":21554,"comment_status":"open","ping_status":"closed","template":"","meta":[],"product_brand":[],"product_cat":[41],"product_tag":[],"class_list":{"0":"post-21803","1":"product","2":"type-product","3":"status-publish","4":"has-post-thumbnail","6":"product_cat-cuscini-pop-art","8":"first","9":"instock","10":"taxable","11":"shipping-taxable","12":"purchasable","13":"product-type-variable"},"_links":{"self":[{"href":"https:\/\/www.pitpop.it\/en\/wp-json\/wp\/v2\/product\/21803","targetHints":{"allow":["GET"]}}],"collection":[{"href":"https:\/\/www.pitpop.it\/en\/wp-json\/wp\/v2\/product"}],"about":[{"href":"https:\/\/www.pitpop.it\/en\/wp-json\/wp\/v2\/types\/product"}],"replies":[{"embeddable":true,"href":"https:\/\/www.pitpop.it\/en\/wp-json\/wp\/v2\/comments?post=21803"}],"version-history":[{"count":0,"href":"https:\/\/www.pitpop.it\/en\/wp-json\/wp\/v2\/product\/21803\/revisions"}],"wp:featuredmedia":[{"embeddable":true,"href":"https:\/\/www.pitpop.it\/en\/wp-json\/wp\/v2\/media\/21554"}],"wp:attachment":[{"href":"https:\/\/www.pitpop.it\/en\/wp-json\/wp\/v2\/media?parent=21803"}],"wp:term":[{"taxonomy":"product_brand","embeddable":true,"href":"https:\/\/www.pitpop.it\/en\/wp-json\/wp\/v2\/product_brand?post=21803"},{"taxonomy":"product_cat","embeddable":true,"href":"https:\/\/www.pitpop.it\/en\/wp-json\/wp\/v2\/product_cat?post=21803"},{"taxonomy":"product_tag","embeddable":true,"href":"https:\/\/www.pitpop.it\/en\/wp-json\/wp\/v2\/product_tag?post=21803"}],"curies":[{"name":"wp","href":"https:\/\/api.w.org\/{rel}","templated":true}]}}